{"id":12,"date":"2025-08-18T07:51:10","date_gmt":"2025-08-18T07:51:10","guid":{"rendered":"http:\/\/www.goodstaff.fi\/?page_id=12"},"modified":"2026-04-14T11:57:44","modified_gmt":"2026-04-14T11:57:44","slug":"good-staff-henkilostopalvelut","status":"publish","type":"page","link":"https:\/\/www.goodstaff.fi\/","title":{"rendered":"Good Staff Henkil\u00f6st\u00f6palvelut"},"content":{"rendered":"\n<figure class=\"wp-block-image size-full is-resized\"><img loading=\"lazy\" decoding=\"async\" width=\"821\" height=\"721\" src=\"https:\/\/www.goodstaff.fi\/wp-content\/uploads\/2025\/08\/Good-Staff-logo.jpg\" alt=\"\" class=\"wp-image-78\" style=\"width:142px;height:auto\" srcset=\"https:\/\/www.goodstaff.fi\/wp-content\/uploads\/2025\/08\/Good-Staff-logo.jpg 821w, https:\/\/www.goodstaff.fi\/wp-content\/uploads\/2025\/08\/Good-Staff-logo-300x263.jpg 300w, https:\/\/www.goodstaff.fi\/wp-content\/uploads\/2025\/08\/Good-Staff-logo-768x674.jpg 768w\" sizes=\"auto, (max-width: 821px) 100vw, 821px\" \/><\/figure>\n\n\n\n<p class=\"has-text-color has-link-color has-x-large-font-size wp-elements-106fef2121e07aa248b45d627b8dcab8\" style=\"color:#b59a01\"><em><strong>Good stuff with the Good Staff.<\/strong><\/em><\/p>\n\n\n\n<p><strong>Tarjoamme<\/strong> monipuolisesti ty\u00f6voimaratkaisuja erilaisiin yritysten tarpeisiin. Toimimme valtakunnallisesti ja laajasti useilla eri aloilla.<\/p>\n\n\n\n<p><strong>Yrityksemme ammattitaito<\/strong> perustuu vuosien monipuoliseen kokemukseen henkil\u00f6st\u00f6palvelualalla. <\/p>\n\n\n\n<p><strong>Arvojamme<\/strong> on luotettavuus, joustavuus ja oikeudenmukaisuus. N\u00e4m\u00e4 arvot ovat pohja niin rekrytointitoimeksiannoissa, vuokrahenkil\u00f6kuntamme palvelussa kuin asiakasty\u00f6ss\u00e4kin.<\/p>\n\n\n\n<p><strong>Olemme helposti l\u00e4hestytt\u00e4v\u00e4 henkil\u00f6st\u00f6palveluyritys ja toimimme ketter\u00e4sti. <\/strong>Meill\u00e4 on mahdollisuus r\u00e4\u00e4t\u00e4l\u00f6id\u00e4 palvelumme ratkaisukeskeisesti asiakasyritysten tarpeiden mukaan. <\/p>\n\n\n\n<p><\/p>\n\n\n\n<p><\/p>\n\n\n\n<figure class=\"wp-block-image size-full is-resized\"><img loading=\"lazy\" decoding=\"async\" width=\"686\" height=\"682\" src=\"https:\/\/www.goodstaff.fi\/wp-content\/uploads\/2025\/09\/Nayttokuva-2025-09-11-kello-17.01.07.png\" alt=\"\" class=\"wp-image-87\" style=\"width:222px;height:auto\" srcset=\"https:\/\/www.goodstaff.fi\/wp-content\/uploads\/2025\/09\/Nayttokuva-2025-09-11-kello-17.01.07.png 686w, https:\/\/www.goodstaff.fi\/wp-content\/uploads\/2025\/09\/Nayttokuva-2025-09-11-kello-17.01.07-300x298.png 300w, https:\/\/www.goodstaff.fi\/wp-content\/uploads\/2025\/09\/Nayttokuva-2025-09-11-kello-17.01.07-150x150.png 150w\" sizes=\"auto, (max-width: 686px) 100vw, 686px\" \/><\/figure>\n\n\n\n<figure class=\"wp-block-image size-full is-resized\"><img loading=\"lazy\" decoding=\"async\" width=\"324\" height=\"156\" src=\"https:\/\/www.goodstaff.fi\/wp-content\/uploads\/2025\/09\/Nayttokuva-2025-09-11-kello-17.08.26.png\" alt=\"\" class=\"wp-image-88\" style=\"width:268px;height:auto\" srcset=\"https:\/\/www.goodstaff.fi\/wp-content\/uploads\/2025\/09\/Nayttokuva-2025-09-11-kello-17.08.26.png 324w, https:\/\/www.goodstaff.fi\/wp-content\/uploads\/2025\/09\/Nayttokuva-2025-09-11-kello-17.08.26-300x144.png 300w\" sizes=\"auto, (max-width: 324px) 100vw, 324px\" \/><\/figure>\n\n\n\n<figure class=\"wp-block-image size-large is-resized\"><img loading=\"lazy\" decoding=\"async\" width=\"1024\" height=\"427\" src=\"https:\/\/www.goodstaff.fi\/wp-content\/uploads\/2025\/10\/Nayttokuva-2025-10-28-kello-15.50.23-1024x427.png\" alt=\"\" class=\"wp-image-110\" style=\"width:272px;height:auto\" srcset=\"https:\/\/www.goodstaff.fi\/wp-content\/uploads\/2025\/10\/Nayttokuva-2025-10-28-kello-15.50.23-1024x427.png 1024w, https:\/\/www.goodstaff.fi\/wp-content\/uploads\/2025\/10\/Nayttokuva-2025-10-28-kello-15.50.23-300x125.png 300w, https:\/\/www.goodstaff.fi\/wp-content\/uploads\/2025\/10\/Nayttokuva-2025-10-28-kello-15.50.23-768x320.png 768w, https:\/\/www.goodstaff.fi\/wp-content\/uploads\/2025\/10\/Nayttokuva-2025-10-28-kello-15.50.23-1536x640.png 1536w, https:\/\/www.goodstaff.fi\/wp-content\/uploads\/2025\/10\/Nayttokuva-2025-10-28-kello-15.50.23.png 1602w\" sizes=\"auto, (max-width: 1024px) 100vw, 1024px\" \/><\/figure>\n\n\n\n<p><\/p>\n","protected":false},"excerpt":{"rendered":"<p>Good stuff with the Good Staff. Tarjoamme monipuolisesti ty\u00f6voimaratkaisuja erilaisiin yritysten tarpeisiin. Toimimme valtakunnallisesti ja laajasti useilla eri aloilla. Yrityksemme ammattitaito perustuu vuosien monipuoliseen kokemukseen henkil\u00f6st\u00f6palvelualalla. Arvojamme on luotettavuus, joustavuus ja oikeudenmukaisuus. N\u00e4m\u00e4 arvot ovat pohja niin rekrytointitoimeksiannoissa, vuokrahenkil\u00f6kuntamme palvelussa kuin asiakasty\u00f6ss\u00e4kin. Olemme helposti l\u00e4hestytt\u00e4v\u00e4 henkil\u00f6st\u00f6palveluyritys ja toimimme ketter\u00e4sti. Meill\u00e4 on mahdollisuus r\u00e4\u00e4t\u00e4l\u00f6id\u00e4 palvelumme ratkaisukeskeisesti [&hellip;]<\/p>\n","protected":false},"author":1,"featured_media":0,"parent":0,"menu_order":0,"comment_status":"closed","ping_status":"closed","template":"","meta":{"footnotes":""},"class_list":["post-12","page","type-page","status-publish","hentry"],"yoast_head":"<!-- This site is optimized with the Yoast SEO plugin v27.5 - https:\/\/yoast.com\/product\/yoast-seo-wordpress\/ -->\n<title>Henkil\u00f6st\u00f6palvelut - Good Staff Henkil\u00f6st\u00f6palvelut<\/title>\n<meta name=\"description\" content=\"Tarjoamme monipuolisesti henkil\u00f6st\u00f6palvelut erilaisiin yritysten tarpeisiin. Toimimme valtakunnallisesti ja laajasti useilla eri aloilla.\" \/>\n<meta name=\"robots\" content=\"index, follow, max-snippet:-1, max-image-preview:large, max-video-preview:-1\" \/>\n<link rel=\"canonical\" href=\"https:\/\/www.goodstaff.fi\/\" \/>\n<meta property=\"og:locale\" content=\"fi_FI\" \/>\n<meta property=\"og:type\" content=\"article\" \/>\n<meta property=\"og:title\" content=\"Henkil\u00f6st\u00f6palvelut - Good Staff Henkil\u00f6st\u00f6palvelut\" \/>\n<meta property=\"og:description\" content=\"Tarjoamme monipuolisesti henkil\u00f6st\u00f6palvelut erilaisiin yritysten tarpeisiin. Toimimme valtakunnallisesti ja laajasti useilla eri aloilla.\" \/>\n<meta property=\"og:url\" content=\"https:\/\/www.goodstaff.fi\/\" \/>\n<meta property=\"og:site_name\" content=\"Good Staff Henkil&ouml;st&ouml;palvelut\" \/>\n<meta property=\"article:modified_time\" content=\"2026-04-14T11:57:44+00:00\" \/>\n<meta property=\"og:image\" content=\"https:\/\/www.goodstaff.fi\/wp-content\/uploads\/2025\/08\/Good-Staff-logo.jpg\" \/>\n\t<meta property=\"og:image:width\" content=\"821\" \/>\n\t<meta property=\"og:image:height\" content=\"721\" \/>\n\t<meta property=\"og:image:type\" content=\"image\/jpeg\" \/>\n<meta name=\"twitter:card\" content=\"summary_large_image\" \/>\n<meta name=\"twitter:label1\" content=\"Arvioitu lukuaika\" \/>\n\t<meta name=\"twitter:data1\" content=\"2 minuuttia\" \/>\n<script type=\"application\/ld+json\" class=\"yoast-schema-graph\">{\"@context\":\"https:\\\/\\\/schema.org\",\"@graph\":[{\"@type\":\"WebPage\",\"@id\":\"https:\\\/\\\/www.goodstaff.fi\\\/\",\"url\":\"https:\\\/\\\/www.goodstaff.fi\\\/\",\"name\":\"Henkil\u00f6st\u00f6palvelut - Good Staff Henkil\u00f6st\u00f6palvelut\",\"isPartOf\":{\"@id\":\"https:\\\/\\\/www.goodstaff.fi\\\/#website\"},\"primaryImageOfPage\":{\"@id\":\"https:\\\/\\\/www.goodstaff.fi\\\/#primaryimage\"},\"image\":{\"@id\":\"https:\\\/\\\/www.goodstaff.fi\\\/#primaryimage\"},\"thumbnailUrl\":\"https:\\\/\\\/www.goodstaff.fi\\\/wp-content\\\/uploads\\\/2025\\\/08\\\/Good-Staff-logo.jpg\",\"datePublished\":\"2025-08-18T07:51:10+00:00\",\"dateModified\":\"2026-04-14T11:57:44+00:00\",\"description\":\"Tarjoamme monipuolisesti henkil\u00f6st\u00f6palvelut erilaisiin yritysten tarpeisiin. Toimimme valtakunnallisesti ja laajasti useilla eri aloilla.\",\"breadcrumb\":{\"@id\":\"https:\\\/\\\/www.goodstaff.fi\\\/#breadcrumb\"},\"inLanguage\":\"fi\",\"potentialAction\":[{\"@type\":\"ReadAction\",\"target\":[\"https:\\\/\\\/www.goodstaff.fi\\\/\"]}]},{\"@type\":\"ImageObject\",\"inLanguage\":\"fi\",\"@id\":\"https:\\\/\\\/www.goodstaff.fi\\\/#primaryimage\",\"url\":\"https:\\\/\\\/www.goodstaff.fi\\\/wp-content\\\/uploads\\\/2025\\\/08\\\/Good-Staff-logo.jpg\",\"contentUrl\":\"https:\\\/\\\/www.goodstaff.fi\\\/wp-content\\\/uploads\\\/2025\\\/08\\\/Good-Staff-logo.jpg\",\"width\":821,\"height\":721},{\"@type\":\"BreadcrumbList\",\"@id\":\"https:\\\/\\\/www.goodstaff.fi\\\/#breadcrumb\",\"itemListElement\":[{\"@type\":\"ListItem\",\"position\":1,\"name\":\"Etusivu\",\"item\":\"https:\\\/\\\/www.goodstaff.fi\\\/\"},{\"@type\":\"ListItem\",\"position\":2,\"name\":\"Good Staff Henkil\u00f6st\u00f6palvelut\"}]},{\"@type\":\"WebSite\",\"@id\":\"https:\\\/\\\/www.goodstaff.fi\\\/#website\",\"url\":\"https:\\\/\\\/www.goodstaff.fi\\\/\",\"name\":\"Good Staff Henkil&ouml;st&ouml;palvelut\",\"description\":\"Good stuff with the Good Staff.\",\"potentialAction\":[{\"@type\":\"SearchAction\",\"target\":{\"@type\":\"EntryPoint\",\"urlTemplate\":\"https:\\\/\\\/www.goodstaff.fi\\\/?s={search_term_string}\"},\"query-input\":{\"@type\":\"PropertyValueSpecification\",\"valueRequired\":true,\"valueName\":\"search_term_string\"}}],\"inLanguage\":\"fi\"}]}<\/script>\n<!-- \/ Yoast SEO plugin. -->","yoast_head_json":{"title":"Henkil\u00f6st\u00f6palvelut - Good Staff Henkil\u00f6st\u00f6palvelut","description":"Tarjoamme monipuolisesti henkil\u00f6st\u00f6palvelut erilaisiin yritysten tarpeisiin. Toimimme valtakunnallisesti ja laajasti useilla eri aloilla.","robots":{"index":"index","follow":"follow","max-snippet":"max-snippet:-1","max-image-preview":"max-image-preview:large","max-video-preview":"max-video-preview:-1"},"canonical":"https:\/\/www.goodstaff.fi\/","og_locale":"fi_FI","og_type":"article","og_title":"Henkil\u00f6st\u00f6palvelut - Good Staff Henkil\u00f6st\u00f6palvelut","og_description":"Tarjoamme monipuolisesti henkil\u00f6st\u00f6palvelut erilaisiin yritysten tarpeisiin. Toimimme valtakunnallisesti ja laajasti useilla eri aloilla.","og_url":"https:\/\/www.goodstaff.fi\/","og_site_name":"Good Staff Henkil&ouml;st&ouml;palvelut","article_modified_time":"2026-04-14T11:57:44+00:00","og_image":[{"width":821,"height":721,"url":"https:\/\/www.goodstaff.fi\/wp-content\/uploads\/2025\/08\/Good-Staff-logo.jpg","type":"image\/jpeg"}],"twitter_card":"summary_large_image","twitter_misc":{"Arvioitu lukuaika":"2 minuuttia"},"schema":{"@context":"https:\/\/schema.org","@graph":[{"@type":"WebPage","@id":"https:\/\/www.goodstaff.fi\/","url":"https:\/\/www.goodstaff.fi\/","name":"Henkil\u00f6st\u00f6palvelut - Good Staff Henkil\u00f6st\u00f6palvelut","isPartOf":{"@id":"https:\/\/www.goodstaff.fi\/#website"},"primaryImageOfPage":{"@id":"https:\/\/www.goodstaff.fi\/#primaryimage"},"image":{"@id":"https:\/\/www.goodstaff.fi\/#primaryimage"},"thumbnailUrl":"https:\/\/www.goodstaff.fi\/wp-content\/uploads\/2025\/08\/Good-Staff-logo.jpg","datePublished":"2025-08-18T07:51:10+00:00","dateModified":"2026-04-14T11:57:44+00:00","description":"Tarjoamme monipuolisesti henkil\u00f6st\u00f6palvelut erilaisiin yritysten tarpeisiin. Toimimme valtakunnallisesti ja laajasti useilla eri aloilla.","breadcrumb":{"@id":"https:\/\/www.goodstaff.fi\/#breadcrumb"},"inLanguage":"fi","potentialAction":[{"@type":"ReadAction","target":["https:\/\/www.goodstaff.fi\/"]}]},{"@type":"ImageObject","inLanguage":"fi","@id":"https:\/\/www.goodstaff.fi\/#primaryimage","url":"https:\/\/www.goodstaff.fi\/wp-content\/uploads\/2025\/08\/Good-Staff-logo.jpg","contentUrl":"https:\/\/www.goodstaff.fi\/wp-content\/uploads\/2025\/08\/Good-Staff-logo.jpg","width":821,"height":721},{"@type":"BreadcrumbList","@id":"https:\/\/www.goodstaff.fi\/#breadcrumb","itemListElement":[{"@type":"ListItem","position":1,"name":"Etusivu","item":"https:\/\/www.goodstaff.fi\/"},{"@type":"ListItem","position":2,"name":"Good Staff Henkil\u00f6st\u00f6palvelut"}]},{"@type":"WebSite","@id":"https:\/\/www.goodstaff.fi\/#website","url":"https:\/\/www.goodstaff.fi\/","name":"Good Staff Henkil&ouml;st&ouml;palvelut","description":"Good stuff with the Good Staff.","potentialAction":[{"@type":"SearchAction","target":{"@type":"EntryPoint","urlTemplate":"https:\/\/www.goodstaff.fi\/?s={search_term_string}"},"query-input":{"@type":"PropertyValueSpecification","valueRequired":true,"valueName":"search_term_string"}}],"inLanguage":"fi"}]}},"_links":{"self":[{"href":"https:\/\/www.goodstaff.fi\/index.php\/wp-json\/wp\/v2\/pages\/12","targetHints":{"allow":["GET"]}}],"collection":[{"href":"https:\/\/www.goodstaff.fi\/index.php\/wp-json\/wp\/v2\/pages"}],"about":[{"href":"https:\/\/www.goodstaff.fi\/index.php\/wp-json\/wp\/v2\/types\/page"}],"author":[{"embeddable":true,"href":"https:\/\/www.goodstaff.fi\/index.php\/wp-json\/wp\/v2\/users\/1"}],"replies":[{"embeddable":true,"href":"https:\/\/www.goodstaff.fi\/index.php\/wp-json\/wp\/v2\/comments?post=12"}],"version-history":[{"count":7,"href":"https:\/\/www.goodstaff.fi\/index.php\/wp-json\/wp\/v2\/pages\/12\/revisions"}],"predecessor-version":[{"id":111,"href":"https:\/\/www.goodstaff.fi\/index.php\/wp-json\/wp\/v2\/pages\/12\/revisions\/111"}],"wp:attachment":[{"href":"https:\/\/www.goodstaff.fi\/index.php\/wp-json\/wp\/v2\/media?parent=12"}],"curies":[{"name":"wp","href":"https:\/\/api.w.org\/{rel}","templated":true}]}}